{"id":11350,"date":"2022-04-19T12:16:13","date_gmt":"2022-04-19T10:16:13","guid":{"rendered":"https:\/\/katowiceadventure.com\/cancelation-payment\/"},"modified":"2022-04-19T13:20:51","modified_gmt":"2022-04-19T11:20:51","slug":"cancelation-payment","status":"publish","type":"page","link":"https:\/\/katowiceadventure.com\/es\/cancelation-payment\/","title":{"rendered":"Cancelaci\u00f3n y Pago"},"content":{"rendered":"\n<p><strong>Pol\u00edtica de cancelaci\u00f3n: reglas y t\u00e9rminos<br><\/strong>\u2013 Se garantiza el reembolso completo en caso de cancelaci\u00f3n realizada al menos 48 horas antes de la fecha del tour<br>\u2013 Se cobra un cargo por cancelaci\u00f3n del 25% del valor total de la reserva en caso de cancelaciones realizadas entre 48 horas y 24 horas antes de la fecha del tour<br>\u2013 No se emiten reembolsos en caso de cancelaciones hechas despu\u00e9s de las 24 horas del tour<br>Excepciones a dichas reglas y t\u00e9rminos:<br>\u2013 Cancelaci\u00f3n de reservas de actividades \u2013 condiciones individuales para cada reserva<br>\u2013 No se emiten reembolsos en caso de reservas para visitas a Auschwitz o a las minas de sal de Wieliczka desde Cracovia<br>\u2013 Se cobra un cargo por cancelaci\u00f3n del 25% del valor total de la reserva en caso de cancelaci\u00f3n de cualquier tipo de tour a Auschwitz desde cualquier ciudad (excepto Cracovia)<br>\u2013 Cancelaci\u00f3n de reservas para grupos de 8 personas y m\u00e1s \u2013 condiciones individuales para cada reserva<\/p>\n\n\n\n<p><strong>Pol\u00edtica de pago<\/strong><\/p>\n\n\n\n<p>\u2013 Para poder confirmar una reserva requerimos un dep\u00f3sito de al menos el 50% del valor total del servicio. Los pagos del dep\u00f3sito se pueden realizar con tarjeta de cr\u00e9dito o transferencia bancaria<br>\u2013 El resto del monto se puede pagar con tarjeta de cr\u00e9dito o transferencia bancaria (a m\u00e1s tardar 48 horas antes del recorrido) o en efectivo durante el recorrido (en moneda PLN)<br>Excepciones:<br>\u2013 Se requiere el pago completo por adelantado para confirmar una reserva para cualquier tipo de tour a Auschwitz o a las minas de sal de Wieliczka desde cualquier ciudad<br>\u2013 La pol\u00edtica de pago de las actividades puede diferir y est\u00e1n sujetas a reserva individual<br>\u2013 Las reservas para grupos de 8 personas y m\u00e1s pueden diferir y est\u00e1n sujetas a reserva individual<\/p>\n","protected":false},"excerpt":{"rendered":"<p>Pol\u00edtica de cancelaci\u00f3n: reglas y t\u00e9rminos\u2013 Se garantiza el reembolso completo en caso de cancelaci\u00f3n realizada al menos 48 horas antes de la fecha del tour\u2013 Se cobra un cargo por cancelaci\u00f3n del 25% del valor total de la reserva en caso de cancelaciones realizadas entre 48 horas y 24 horas antes de la fecha [&hellip;]<\/p>\n","protected":false},"author":1,"featured_media":0,"parent":0,"menu_order":0,"comment_status":"closed","ping_status":"closed","template":"","meta":{"footnotes":""},"class_list":["post-11350","page","type-page","status-publish","hentry"],"yoast_head":"<!-- This site is optimized with the Yoast SEO plugin v25.9 - https:\/\/yoast.com\/wordpress\/plugins\/seo\/ -->\n<title>Cancelaci\u00f3n y Pago - KatowiceAdventure.com<\/title>\n<meta name=\"robots\" content=\"index, follow, max-snippet:-1, max-image-preview:large, max-video-preview:-1\" \/>\n<link rel=\"canonical\" href=\"https:\/\/katowiceadventure.com\/es\/cancelation-payment\/\" \/>\n<meta property=\"og:locale\" content=\"es_ES\" \/>\n<meta property=\"og:type\" content=\"article\" \/>\n<meta property=\"og:title\" content=\"Cancelaci\u00f3n y Pago - KatowiceAdventure.com\" \/>\n<meta property=\"og:description\" content=\"Pol\u00edtica de cancelaci\u00f3n: reglas y t\u00e9rminos\u2013 Se garantiza el reembolso completo en caso de cancelaci\u00f3n realizada al menos 48 horas antes de la fecha del tour\u2013 Se cobra un cargo por cancelaci\u00f3n del 25% del valor total de la reserva en caso de cancelaciones realizadas entre 48 horas y 24 horas antes de la fecha [&hellip;]\" \/>\n<meta property=\"og:url\" content=\"https:\/\/katowiceadventure.com\/es\/cancelation-payment\/\" \/>\n<meta property=\"og:site_name\" content=\"KatowiceAdventure.com\" \/>\n<meta property=\"article:modified_time\" content=\"2022-04-19T11:20:51+00:00\" \/>\n<meta name=\"twitter:card\" content=\"summary_large_image\" \/>\n<meta name=\"twitter:label1\" content=\"Tiempo de lectura\" \/>\n\t<meta name=\"twitter:data1\" content=\"2 minutos\" \/>\n<script type=\"application\/ld+json\" class=\"yoast-schema-graph\">{\"@context\":\"https:\/\/schema.org\",\"@graph\":[{\"@type\":\"WebPage\",\"@id\":\"https:\/\/katowiceadventure.com\/es\/cancelation-payment\/\",\"url\":\"https:\/\/katowiceadventure.com\/es\/cancelation-payment\/\",\"name\":\"Cancelaci\u00f3n y Pago - KatowiceAdventure.com\",\"isPartOf\":{\"@id\":\"https:\/\/katowiceadventure.com\/en\/#website\"},\"datePublished\":\"2022-04-19T10:16:13+00:00\",\"dateModified\":\"2022-04-19T11:20:51+00:00\",\"breadcrumb\":{\"@id\":\"https:\/\/katowiceadventure.com\/es\/cancelation-payment\/#breadcrumb\"},\"inLanguage\":\"es\",\"potentialAction\":[{\"@type\":\"ReadAction\",\"target\":[\"https:\/\/katowiceadventure.com\/es\/cancelation-payment\/\"]}]},{\"@type\":\"BreadcrumbList\",\"@id\":\"https:\/\/katowiceadventure.com\/es\/cancelation-payment\/#breadcrumb\",\"itemListElement\":[{\"@type\":\"ListItem\",\"position\":1,\"name\":\"Home\",\"item\":\"https:\/\/katowiceadventure.com\/es\/\"},{\"@type\":\"ListItem\",\"position\":2,\"name\":\"Cancelaci\u00f3n y Pago\"}]},{\"@type\":\"WebSite\",\"@id\":\"https:\/\/katowiceadventure.com\/en\/#website\",\"url\":\"https:\/\/katowiceadventure.com\/en\/\",\"name\":\"KatowiceAdventure.com\",\"description\":\"The Best Activities in Katowice\",\"potentialAction\":[{\"@type\":\"SearchAction\",\"target\":{\"@type\":\"EntryPoint\",\"urlTemplate\":\"https:\/\/katowiceadventure.com\/en\/?s={search_term_string}\"},\"query-input\":{\"@type\":\"PropertyValueSpecification\",\"valueRequired\":true,\"valueName\":\"search_term_string\"}}],\"inLanguage\":\"es\"}]}<\/script>\n<!-- \/ Yoast SEO plugin. -->","yoast_head_json":{"title":"Cancelaci\u00f3n y Pago - KatowiceAdventure.com","robots":{"index":"index","follow":"follow","max-snippet":"max-snippet:-1","max-image-preview":"max-image-preview:large","max-video-preview":"max-video-preview:-1"},"canonical":"https:\/\/katowiceadventure.com\/es\/cancelation-payment\/","og_locale":"es_ES","og_type":"article","og_title":"Cancelaci\u00f3n y Pago - KatowiceAdventure.com","og_description":"Pol\u00edtica de cancelaci\u00f3n: reglas y t\u00e9rminos\u2013 Se garantiza el reembolso completo en caso de cancelaci\u00f3n realizada al menos 48 horas antes de la fecha del tour\u2013 Se cobra un cargo por cancelaci\u00f3n del 25% del valor total de la reserva en caso de cancelaciones realizadas entre 48 horas y 24 horas antes de la fecha [&hellip;]","og_url":"https:\/\/katowiceadventure.com\/es\/cancelation-payment\/","og_site_name":"KatowiceAdventure.com","article_modified_time":"2022-04-19T11:20:51+00:00","twitter_card":"summary_large_image","twitter_misc":{"Tiempo de lectura":"2 minutos"},"schema":{"@context":"https:\/\/schema.org","@graph":[{"@type":"WebPage","@id":"https:\/\/katowiceadventure.com\/es\/cancelation-payment\/","url":"https:\/\/katowiceadventure.com\/es\/cancelation-payment\/","name":"Cancelaci\u00f3n y Pago - KatowiceAdventure.com","isPartOf":{"@id":"https:\/\/katowiceadventure.com\/en\/#website"},"datePublished":"2022-04-19T10:16:13+00:00","dateModified":"2022-04-19T11:20:51+00:00","breadcrumb":{"@id":"https:\/\/katowiceadventure.com\/es\/cancelation-payment\/#breadcrumb"},"inLanguage":"es","potentialAction":[{"@type":"ReadAction","target":["https:\/\/katowiceadventure.com\/es\/cancelation-payment\/"]}]},{"@type":"BreadcrumbList","@id":"https:\/\/katowiceadventure.com\/es\/cancelation-payment\/#breadcrumb","itemListElement":[{"@type":"ListItem","position":1,"name":"Home","item":"https:\/\/katowiceadventure.com\/es\/"},{"@type":"ListItem","position":2,"name":"Cancelaci\u00f3n y Pago"}]},{"@type":"WebSite","@id":"https:\/\/katowiceadventure.com\/en\/#website","url":"https:\/\/katowiceadventure.com\/en\/","name":"KatowiceAdventure.com","description":"The Best Activities in Katowice","potentialAction":[{"@type":"SearchAction","target":{"@type":"EntryPoint","urlTemplate":"https:\/\/katowiceadventure.com\/en\/?s={search_term_string}"},"query-input":{"@type":"PropertyValueSpecification","valueRequired":true,"valueName":"search_term_string"}}],"inLanguage":"es"}]}},"_links":{"self":[{"href":"https:\/\/katowiceadventure.com\/es\/wp-json\/wp\/v2\/pages\/11350","targetHints":{"allow":["GET"]}}],"collection":[{"href":"https:\/\/katowiceadventure.com\/es\/wp-json\/wp\/v2\/pages"}],"about":[{"href":"https:\/\/katowiceadventure.com\/es\/wp-json\/wp\/v2\/types\/page"}],"author":[{"embeddable":true,"href":"https:\/\/katowiceadventure.com\/es\/wp-json\/wp\/v2\/users\/1"}],"replies":[{"embeddable":true,"href":"https:\/\/katowiceadventure.com\/es\/wp-json\/wp\/v2\/comments?post=11350"}],"version-history":[{"count":2,"href":"https:\/\/katowiceadventure.com\/es\/wp-json\/wp\/v2\/pages\/11350\/revisions"}],"predecessor-version":[{"id":11352,"href":"https:\/\/katowiceadventure.com\/es\/wp-json\/wp\/v2\/pages\/11350\/revisions\/11352"}],"wp:attachment":[{"href":"https:\/\/katowiceadventure.com\/es\/wp-json\/wp\/v2\/media?parent=11350"}],"curies":[{"name":"wp","href":"https:\/\/api.w.org\/{rel}","templated":true}]}}